{"id":682,"date":"2024-09-14T16:14:28","date_gmt":"2024-09-14T16:14:28","guid":{"rendered":"https:\/\/wild-busreisen.de\/temp\/?page_id=682"},"modified":"2024-09-14T16:21:13","modified_gmt":"2024-09-14T16:21:13","slug":"impressum","status":"publish","type":"page","link":"https:\/\/wild-busreisen.de\/index.php\/impressum\/","title":{"rendered":"Impressum"},"content":{"rendered":"\n    \n    <section class=\"u-clearfix u-container-align-center u-section-2\" id=\"sec-3f2f\">\n      <div class=\"u-clearfix u-sheet u-sheet-1\">\n        <p class=\"u-align-center u-text u-text-1\">Busreisen Wild e.K.&nbsp;<br>Waldstrasse 13&nbsp;<br>91448 Emskirchen&nbsp; <br>Tel.: 09104 - 3800&nbsp;<br>Fax: 09104 - 1770&nbsp;<br>email: info@wild-busreisen.de&nbsp;<br>\n          <br>Gesch\u00e4ftsf\u00fchrer: \nHerr Michael Wild\nHandelsregister, Amtsgericht F\u00fcrth HRA 6309&nbsp;<br>Ust - ID NR.: DE 236 574 613&nbsp; &nbsp;<br>\n          <br>Aufsichtsbeh\u00f6rde gem\u00e4\u00df \u00a7 6 Nr. 3TDG:\nRegierung von Mittelfranken\nPromenade 27\n91522 Ansbach\nTel. 0981 - 53 - 0\nFax 0981 - 53 - 206\nEmail: poststelle@reg-mfr.bayern.de&nbsp;<br>\n          <br>Inhaltlich Verantwortlicher gem\u00e4\u00df \u00a7 6 MDStV: \nHerr Michael Wild\nGesch\u00e4ftsf\u00fchrung\nEmail:info@wild-busreisen.de\n        <\/p>\n      <\/div>\n    <\/section>\n    \n    \n    \n    \n  \n","protected":false},"excerpt":{"rendered":"<p>Busreisen Wild e.K.&nbsp;Waldstrasse 13&nbsp;91448 Emskirchen&nbsp; Tel.: 09104 &#8211; 3800&nbsp;Fax: 09104 &#8211; 1770&nbsp;email: info@wild-busreisen.de&nbsp; Gesch\u00e4ftsf\u00fchrer: Herr Michael Wild Handelsregister, Amtsgericht F\u00fcrth HRA 6309&nbsp;Ust &#8211; ID NR.: DE 236 574 613&nbsp; &nbsp; Aufsichtsbeh\u00f6rde gem\u00e4\u00df \u00a7 6 Nr. 3TDG: Regierung von Mittelfranken Promenade 27 91522 Ansbach Tel. 0981 &#8211; 53 &#8211; 0 Fax 0981 &#8211; 53 &#8211; 206 &hellip; <a href=\"https:\/\/wild-busreisen.de\/index.php\/impressum\/\" class=\"more-link\">Continue reading<span class=\"screen-reader-text\"> &#8222;Impressum&#8220;<\/span><\/a><\/p>\n","protected":false},"author":1,"featured_media":0,"parent":0,"menu_order":0,"comment_status":"closed","ping_status":"closed","template":"","meta":{"footnotes":""},"class_list":["post-682","page","type-page","status-publish","hentry"],"_links":{"self":[{"href":"https:\/\/wild-busreisen.de\/index.php\/wp-json\/wp\/v2\/pages\/682","targetHints":{"allow":["GET"]}}],"collection":[{"href":"https:\/\/wild-busreisen.de\/index.php\/wp-json\/wp\/v2\/pages"}],"about":[{"href":"https:\/\/wild-busreisen.de\/index.php\/wp-json\/wp\/v2\/types\/page"}],"author":[{"embeddable":true,"href":"https:\/\/wild-busreisen.de\/index.php\/wp-json\/wp\/v2\/users\/1"}],"replies":[{"embeddable":true,"href":"https:\/\/wild-busreisen.de\/index.php\/wp-json\/wp\/v2\/comments?post=682"}],"version-history":[{"count":3,"href":"https:\/\/wild-busreisen.de\/index.php\/wp-json\/wp\/v2\/pages\/682\/revisions"}],"predecessor-version":[{"id":685,"href":"https:\/\/wild-busreisen.de\/index.php\/wp-json\/wp\/v2\/pages\/682\/revisions\/685"}],"wp:attachment":[{"href":"https:\/\/wild-busreisen.de\/index.php\/wp-json\/wp\/v2\/media?parent=682"}],"curies":[{"name":"wp","href":"https:\/\/api.w.org\/{rel}","templated":true}]}}