{"id":60,"date":"2024-08-20T15:25:19","date_gmt":"2024-08-20T15:25:19","guid":{"rendered":"https:\/\/wild-busreisen.de\/temp\/index.php\/ueber-uns\/"},"modified":"2024-09-09T15:16:58","modified_gmt":"2024-09-09T15:16:58","slug":"ueber-uns","status":"publish","type":"page","link":"https:\/\/wild-busreisen.de\/index.php\/ueber-uns\/","title":{"rendered":"\u00dcber uns"},"content":{"rendered":"\n    \n    <section class=\"u-clearfix u-palette-1-base u-section-2\" id=\"carousel_20c7\">\n      <div class=\"u-clearfix u-sheet u-sheet-1\">\n        <h2 class=\"u-align-center u-text u-text-default u-text-1\" data-animation-name=\"customAnimationIn\" data-animation-duration=\"1500\">Was wir seit langer Zeit unseren Kunden bieten<\/h2>\n        <p class=\"u-align-center u-custom-font u-font-oswald u-text u-text-default u-text-2\" data-animation-name=\"customAnimationIn\" data-animation-duration=\"1500\" data-animation-delay=\"500\">Zufriedene Kunden sind unsere beste Werbung. Unsere langj\u00e4hrige Erfahrung ist Ihr Vorteil. Mit Wild-Bussen reisen Sie seit 1952 stets abwechslungsreich, sicher und bequem und in angenehmer famili\u00e4rer Atmosph\u00e4re. <\/p>\n        <div class=\"u-expanded-width u-layout-grid u-list u-list-1\">\n          <div class=\"u-repeater u-repeater-1\">\n            <div class=\"u-container-style u-list-item u-repeater-item u-shape-rectangle u-list-item-1\" data-animation-name=\"customAnimationIn\" data-animation-duration=\"1500\" data-animation-delay=\"500\">\n              <div class=\"u-container-layout u-similar-container u-valign-top-xs u-container-layout-1\">\n                <img decoding=\"async\" class=\"u-expanded-width u-image u-image-1\" src=\"https:\/\/wild-busreisen.de\/wp-content\/uploads\/2024\/09\/steinachtal.jpg\" data-image-width=\"900\" data-image-height=\"540\">\n                <div class=\"u-container-style u-expanded-width u-group u-radius u-shape-round u-white u-group-1\">\n                  <div class=\"u-container-layout u-container-layout-2\">\n                    <p class=\"u-align-center u-text u-text-default u-text-3\"> &nbsp;Erich Wild vor seinem ersten Bus, dem \"STEINACHTAL\".<\/p>\n                    <p class=\"u-align-center u-text u-text-default u-text-4\"> 1945&nbsp;erfolgt die Gr\u00fcndung des Fuhrunternehmens durch Fritz Wild in Steinach\/Th\u00fcringen<\/p>\n                  <\/div>\n                <\/div>\n              <\/div>\n            <\/div>\n            <div class=\"u-container-style u-list-item u-repeater-item u-shape-rectangle u-list-item-2\" data-animation-name=\"customAnimationIn\" data-animation-duration=\"1500\" data-animation-delay=\"500\">\n              <div class=\"u-container-layout u-similar-container u-valign-top-xs u-container-layout-3\">\n                <img decoding=\"async\" class=\"u-expanded-width u-image u-image-2\" src=\"https:\/\/wild-busreisen.de\/wp-content\/uploads\/2024\/09\/rumtreiber.jpg\" data-image-width=\"900\" data-image-height=\"540\">\n                <div class=\"u-container-style u-expanded-width u-group u-radius u-shape-round u-white u-group-2\">\n                  <div class=\"u-container-layout u-container-layout-4\">\n                    <p class=\"u-align-center u-text u-text-default u-text-5\">Nutzung unserer ersten Busse entsprach&nbsp;<\/p>\n                    <p class=\"u-align-center u-text u-text-default u-text-6\">1952 Der Sohn Erich Wild \u00fcbernahm das Unternehmen. Die Busse \"Steinachtal\" und sp\u00e4ter der \"Rumtreiber\" wurden angeschafft.<\/p>\n                  <\/div>\n                <\/div>\n              <\/div>\n            <\/div>\n            <div class=\"u-container-style u-list-item u-repeater-item u-shape-rectangle u-list-item-3\" data-animation-name=\"customAnimationIn\" data-animation-duration=\"1500\" data-animation-delay=\"500\">\n              <div class=\"u-container-layout u-similar-container u-valign-top-xs u-container-layout-5\">\n                <img decoding=\"async\" class=\"u-expanded-width u-image u-image-3\" src=\"https:\/\/wild-busreisen.de\/wp-content\/uploads\/2024\/09\/buesing.jpg\" data-image-width=\"280\" data-image-height=\"153\">\n                <div class=\"u-container-style u-expanded-width u-group u-radius u-shape-round u-white u-group-3\">\n                  <div class=\"u-container-layout u-container-layout-6\">\n                    <p class=\"u-align-center u-text u-text-default u-text-7\">Der \"B\u00fcssing Senator\", einer unserer ersten Busse in Emskirchen <\/p>\n                    <p class=\"u-align-center u-text u-text-default u-text-8\">1960 wurde in Emskirchen das Unternehmen komplett neu<br>aufgebaut und strukturiert\n                    <\/p>\n                  <\/div>\n                <\/div>\n              <\/div>\n            <\/div>\n            <div class=\"u-container-style u-list-item u-repeater-item u-shape-rectangle u-list-item-4\" data-animation-name=\"customAnimationIn\" data-animation-duration=\"1500\" data-animation-delay=\"700\">\n              <div class=\"u-container-layout u-similar-container u-valign-top-xs u-container-layout-7\">\n                <img decoding=\"async\" class=\"u-expanded-width u-image u-image-4\" src=\"https:\/\/wild-busreisen.de\/wp-content\/uploads\/2024\/09\/starliner.jpg\" data-image-width=\"900\" data-image-height=\"540\">\n                <div class=\"u-container-style u-expanded-width u-group u-radius u-shape-round u-white u-group-4\">\n                  <div class=\"u-container-layout u-container-layout-8\">\n                    <p class=\"u-align-center u-text u-text-default u-text-9\">Modernster Fernreisebus im Landkreis. \"Starliner\" wurde im Jahr 2002<br>angeschafft und ist mit neuester Technologie ausgestattet.\n                    <\/p>\n                    <p class=\"u-align-center u-text u-text-default u-text-10\">Seit 2001 wird das Unternehmen durch Michael Wild&nbsp;<br>weitergef\u00fchrt, unter Einsatz modernster Fahrzeuge und&nbsp;<br>Technologien.\n                    <\/p>\n                  <\/div>\n                <\/div>\n              <\/div>\n            <\/div>\n          <\/div>\n        <\/div>\n      <\/div>\n    <\/section>\n    <section class=\"u-clearfix u-section-3\" id=\"carousel_2bee\">\n      <h2 class=\"u-align-center u-text u-text-1\">Unser Jubil\u00e4um \"50 Jahre Wild-Busreisen\u200b\"<\/h2>\n      <div class=\"u-expanded-width u-gallery u-layout-grid u-lightbox u-no-transition u-show-text-none u-gallery-1\" id=\"carousel-4891\">\n        <div class=\"u-gallery-inner u-gallery-inner-1\" role=\"listbox\">\n          <div class=\"u-effect-hover-zoom u-gallery-item u-gallery-item-1\">\n            <div class=\"u-back-slide\" data-image-width=\"1536\" data-image-height=\"2048\">\n              <img decoding=\"async\" class=\"u-back-image u-expanded\" src=\"https:\/\/wild-busreisen.de\/wp-content\/uploads\/2024\/09\/50jahrewild001.jpg\">\n            <\/div>\n            <div class=\"u-align-center u-over-slide u-shading u-over-slide-1\"><\/div>\n          <\/div>\n          <div class=\"u-effect-hover-zoom u-gallery-item u-gallery-item-2\">\n            <div class=\"u-back-slide\" data-image-width=\"2048\" data-image-height=\"1536\">\n              <img decoding=\"async\" class=\"u-back-image u-expanded\" src=\"https:\/\/wild-busreisen.de\/wp-content\/uploads\/2024\/09\/50jahrewild071.jpg\">\n            <\/div>\n            <div class=\"u-align-center u-over-slide u-shading u-over-slide-2\"><\/div>\n          <\/div>\n          <div class=\"u-effect-hover-zoom u-gallery-item u-gallery-item-3\" data-image-width=\"2048\" data-image-height=\"1536\">\n            <div class=\"u-back-slide\">\n              <img decoding=\"async\" class=\"u-back-image u-expanded\" src=\"https:\/\/wild-busreisen.de\/wp-content\/uploads\/2024\/09\/50jahrewild021.jpg\">\n            <\/div>\n            <div class=\"u-align-center u-over-slide u-shading u-over-slide-3\"><\/div>\n          <\/div>\n          <div class=\"u-effect-hover-zoom u-gallery-item u-gallery-item-4\" data-image-width=\"2048\" data-image-height=\"1536\">\n            <div class=\"u-back-slide\">\n              <img decoding=\"async\" class=\"u-back-image u-expanded\" src=\"https:\/\/wild-busreisen.de\/wp-content\/uploads\/2024\/09\/50jahrewild059.jpg\">\n            <\/div>\n            <div class=\"u-align-center u-over-slide u-shading u-over-slide-4\"><\/div>\n          <\/div>\n          <div class=\"u-effect-hover-zoom u-gallery-item u-gallery-item-5\" data-image-width=\"2048\" data-image-height=\"1536\">\n            <div class=\"u-back-slide\">\n              <img decoding=\"async\" class=\"u-back-image u-expanded\" src=\"https:\/\/wild-busreisen.de\/wp-content\/uploads\/2024\/09\/50jahrewild049.jpg\">\n            <\/div>\n            <div class=\"u-align-center u-over-slide u-shading u-over-slide-5\"><\/div>\n          <\/div>\n          <div class=\"u-effect-hover-zoom u-gallery-item u-gallery-item-6\" data-image-width=\"2048\" data-image-height=\"1536\">\n            <div class=\"u-back-slide\">\n              <img decoding=\"async\" class=\"u-back-image u-expanded\" src=\"https:\/\/wild-busreisen.de\/wp-content\/uploads\/2024\/09\/50jahrewild004.jpg\">\n            <\/div>\n            <div class=\"u-align-center u-over-slide u-shading u-over-slide-6\"><\/div>\n          <\/div>\n          <div class=\"u-effect-hover-zoom u-gallery-item u-gallery-item-7\" data-image-width=\"2048\" data-image-height=\"1536\">\n            <div class=\"u-back-slide\">\n              <img decoding=\"async\" class=\"u-back-image u-expanded\" src=\"https:\/\/wild-busreisen.de\/wp-content\/uploads\/2024\/09\/50jahrewild019.jpg\">\n            <\/div>\n            <div class=\"u-align-center u-over-slide u-shading u-over-slide-7\"><\/div>\n          <\/div>\n          <div class=\"u-effect-hover-zoom u-gallery-item u-gallery-item-8\" data-image-width=\"2048\" data-image-height=\"1536\">\n            <div class=\"u-back-slide\">\n              <img decoding=\"async\" class=\"u-back-image u-expanded\" src=\"https:\/\/wild-busreisen.de\/wp-content\/uploads\/2024\/09\/50jahrewild017.jpg\">\n            <\/div>\n            <div class=\"u-align-center u-over-slide u-shading u-over-slide-8\"><\/div>\n          <\/div>\n        <\/div>\n      <\/div>\n    <\/section>\n    \n    \n    \n    \n  \n","protected":false},"excerpt":{"rendered":"<p>Was wir seit langer Zeit unseren Kunden bieten Zufriedene Kunden sind unsere beste Werbung. Unsere langj\u00e4hrige Erfahrung ist Ihr Vorteil. Mit Wild-Bussen reisen Sie seit 1952 stets abwechslungsreich, sicher und bequem und in angenehmer famili\u00e4rer Atmosph\u00e4re. &nbsp;Erich Wild vor seinem ersten Bus, dem &#8222;STEINACHTAL&#8220;. 1945&nbsp;erfolgt die Gr\u00fcndung des Fuhrunternehmens durch Fritz Wild in Steinach\/Th\u00fcringen Nutzung &hellip; <a href=\"https:\/\/wild-busreisen.de\/index.php\/ueber-uns\/\" class=\"more-link\">Continue reading<span class=\"screen-reader-text\"> &#8222;\u00dcber uns&#8220;<\/span><\/a><\/p>\n","protected":false},"author":1,"featured_media":0,"parent":0,"menu_order":2,"comment_status":"closed","ping_status":"closed","template":"","meta":{"footnotes":""},"class_list":["post-60","page","type-page","status-publish","hentry"],"_links":{"self":[{"href":"https:\/\/wild-busreisen.de\/index.php\/wp-json\/wp\/v2\/pages\/60","targetHints":{"allow":["GET"]}}],"collection":[{"href":"https:\/\/wild-busreisen.de\/index.php\/wp-json\/wp\/v2\/pages"}],"about":[{"href":"https:\/\/wild-busreisen.de\/index.php\/wp-json\/wp\/v2\/types\/page"}],"author":[{"embeddable":true,"href":"https:\/\/wild-busreisen.de\/index.php\/wp-json\/wp\/v2\/users\/1"}],"replies":[{"embeddable":true,"href":"https:\/\/wild-busreisen.de\/index.php\/wp-json\/wp\/v2\/comments?post=60"}],"version-history":[{"count":4,"href":"https:\/\/wild-busreisen.de\/index.php\/wp-json\/wp\/v2\/pages\/60\/revisions"}],"predecessor-version":[{"id":571,"href":"https:\/\/wild-busreisen.de\/index.php\/wp-json\/wp\/v2\/pages\/60\/revisions\/571"}],"wp:attachment":[{"href":"https:\/\/wild-busreisen.de\/index.php\/wp-json\/wp\/v2\/media?parent=60"}],"curies":[{"name":"wp","href":"https:\/\/api.w.org\/{rel}","templated":true}]}}