{"id":221,"date":"2024-08-29T17:09:53","date_gmt":"2024-08-29T17:09:53","guid":{"rendered":"https:\/\/wild-busreisen.de\/temp\/?page_id=221"},"modified":"2026-02-28T16:00:10","modified_gmt":"2026-02-28T16:00:10","slug":"mehrtagesfahrten","status":"publish","type":"page","link":"https:\/\/wild-busreisen.de\/index.php\/mehrtagesfahrten\/","title":{"rendered":"Mehrtagesfahrten"},"content":{"rendered":"\n    \n    <section class=\"u-clearfix u-valign-middle u-section-2\" id=\"sec-0bb5\">\n      <div class=\"data-layout-selected u-clearfix u-expanded-width u-layout-wrap u-radius u-layout-wrap-1\">\n        <div class=\"u-gutter-0 u-layout\">\n          <div class=\"u-layout-row\">\n            <div class=\"u-align-left u-container-align-left u-container-style u-layout-cell u-size-32 u-white u-layout-cell-1\">\n              <div class=\"u-container-layout u-container-layout-1\">\n                <h2 class=\"u-custom-font u-font-montserrat u-text u-text-1\">Mehrtagesfahrten <\/h2>\n                <div class=\"custom-expanded u-align-left u-form u-radius u-form-1\">\n                  <form action=\"https:\/\/service.nicepagesrv.com\/form\/v4\/form-process\" class=\"u-clearfix u-form-spacing-23 u-form-vertical u-inner-form\" style=\"padding: 0px;\" source=\"email\" name=\"form\">\n                    <div class=\"u-form-group u-form-select u-label-top u-form-group-1\">\n                      <label for=\"select-c2e2\" class=\"u-label\">Anrede<\/label>\n                      <div class=\"u-form-select-wrapper\">\n                        <select id=\"select-c2e2\" name=\"Anrede\" class=\"u-grey-10 u-input u-input-rectangle u-radius u-input-1\" required=\"required\">\n                          <option value=\"Frau\" data-calc=\"\">Frau<\/option>\n                          <option value=\"Herr\" data-calc=\"\">Herr<\/option>\n                          <option value=\"Firma\" data-calc=\"\">Firma<\/option>\n                        <\/select>\n                        <svg class=\"u-caret u-caret-svg\" version=\"1.1\" id=\"Layer_1\" xmlns=\"http:\/\/www.w3.org\/2000\/svg\" xmlns:xlink=\"http:\/\/www.w3.org\/1999\/xlink\" x=\"0px\" y=\"0px\" width=\"16px\" height=\"16px\" viewBox=\"0 0 16 16\" style=\"fill:currentColor;\" xml:space=\"preserve\"><polygon class=\"st0\" points=\"8,12 2,4 14,4 \"><\/polygon><\/svg>\n                      <\/div>\n                    <\/div>\n                    <div class=\"u-form-group u-form-name u-form-partition-factor-2 u-label-top u-form-group-2\">\n                      <label for=\"name-6fd4\" class=\"u-label\">Vorname<\/label>\n                      <input type=\"text\" placeholder=\"Gib deinen Vornamen ein\" id=\"name-6fd4\" name=\"Vorname\" class=\"u-grey-10 u-input u-input-rectangle u-radius u-input-2\" required=\"\">\n                    <\/div>\n                    <div class=\"u-form-group u-form-name u-form-partition-factor-2 u-label-top u-form-group-3\">\n                      <label for=\"name-6fd4\" class=\"u-label\">Nachname<\/label>\n                      <input type=\"text\" placeholder=\"Gib deinen Nachnamen ein\" id=\"name-6fd4\" name=\"Nachname\" class=\"u-grey-10 u-input u-input-rectangle u-radius u-input-3\" required=\"\">\n                    <\/div>\n                    <div class=\"u-form-group u-form-name u-label-top u-form-group-4\">\n                      <label for=\"name-9a2f\" class=\"u-label\">Firma<\/label>\n                      <input type=\"text\" placeholder=\"Gib deinen Firmennamen ein\" id=\"name-9a2f\" name=\"Firma\" class=\"u-grey-10 u-input u-input-rectangle u-radius u-input-4\">\n                    <\/div>\n                    <div class=\"u-form-group u-form-name u-form-partition-factor-2 u-label-top u-form-group-5\">\n                      <label for=\"name-7af1\" class=\"u-label\">Stra\u00dfe<\/label>\n                      <input type=\"text\" placeholder=\"Gib deinen Stra\u00dfennamen ein\" id=\"name-7af1\" name=\"Stra\u00dfe\" class=\"u-grey-10 u-input u-input-rectangle u-radius u-input-5\" required=\"\">\n                    <\/div>\n                    <div class=\"u-form-group u-form-name u-form-partition-factor-2 u-label-top u-form-group-6\">\n                      <label for=\"name-7af1\" class=\"u-label\">Hausnummer<\/label>\n                      <input type=\"text\" placeholder=\"Gib deine Hausnummer ein\" id=\"name-7af1\" name=\"Hausnummer\" class=\"u-grey-10 u-input u-input-rectangle u-radius u-input-6\" required=\"\">\n                    <\/div>\n                    <div class=\"u-form-group u-form-name u-label-top u-form-group-7\">\n                      <label for=\"name-78e9\" class=\"u-label\">PLZ<\/label>\n                      <input type=\"text\" placeholder=\"Gib deine PLZ ein\" id=\"name-78e9\" name=\"PLZ\" class=\"u-grey-10 u-input u-input-rectangle u-radius u-input-7\" required=\"\">\n                    <\/div>\n                    <div class=\"u-form-group u-form-name u-label-top u-form-group-8\">\n                      <label for=\"name-78e9\" class=\"u-label\">Wohnort<\/label>\n                      <input type=\"text\" placeholder=\"Gib deinen Wohnort ein\" id=\"name-78e9\" name=\"Wohnort\" class=\"u-grey-10 u-input u-input-rectangle u-radius u-input-8\" required=\"\">\n                    <\/div>\n                    <div class=\"u-form-group u-form-phone u-label-top u-form-group-9\">\n                      <label for=\"phone-4dc1\" class=\"u-label\">Telefon<\/label>\n                      <input type=\"tel\" placeholder=\"01512 3456789\" id=\"phone-4dc1\" name=\"Telefon\" class=\"u-grey-10 u-input u-input-rectangle u-radius u-input-9\" required=\"\" data-country-code=\"de\">\n                    <\/div>\n                    <div class=\"u-form-group u-form-phone u-label-top u-form-group-10\">\n                      <label for=\"phone-72de\" class=\"u-label\">Fax<\/label>\n                      <input type=\"tel\" placeholder=\"01512 3456789\" id=\"phone-72de\" name=\"Fax\" class=\"u-grey-10 u-input u-input-rectangle u-radius u-input-10\" data-country-code=\"de\">\n                    <\/div>\n                    <div class=\"u-form-group u-form-phone u-label-top u-form-group-11\">\n                      <label for=\"phone-7de3\" class=\"u-label\">Mobil<\/label>\n                      <input type=\"tel\" placeholder=\"01512 3456789\" id=\"phone-7de3\" name=\"Mobil\" class=\"u-grey-10 u-input u-input-rectangle u-radius u-input-11\" required=\"\" data-country-code=\"de\">\n                    <\/div>\n                    <div class=\"u-form-email u-form-group u-label-top u-form-group-12\">\n                      <label for=\"email-ba25\" class=\"u-label\">E-Mail<\/label>\n                      <input type=\"email\" placeholder=\"Gib eine g\u00fcltige E-Mail-Adresse ein\" id=\"email-ba25\" name=\"Email\" class=\"u-grey-10 u-input u-input-rectangle u-radius u-input-12\" required=\"\">\n                    <\/div>\n                    <div class=\"u-form-group u-form-name u-label-top u-form-group-13\">\n                      <label for=\"name-3ec8\" class=\"u-label\">Reiseziel<\/label>\n                      <input type=\"text\" placeholder=\"Gib dein Reiseziel ein\" id=\"name-3ec8\" name=\"Reiseziel\" class=\"u-grey-10 u-input u-input-rectangle u-radius u-input-13\" required=\"\">\n                    <\/div>\n                    <div class=\"u-form-date u-form-group u-label-top u-form-group-14\">\n                      <label for=\"date-a54e\" class=\"u-label\">Reisedatum<\/label>\n                      <input type=\"text\" placeholder=\"TT\/MM\/JJJJ\" id=\"date-a54e\" name=\"Reisedatum\" class=\"u-grey-10 u-input u-input-rectangle u-radius u-input-14\" required=\"\" data-date-format=\"dd\/mm\/yyyy\">\n                    <\/div>\n                    <div class=\"u-form-group u-form-select u-label-top u-form-group-15\">\n                      <label for=\"select-ca3b\" class=\"u-label\">Reisetag<\/label>\n                      <div class=\"u-form-select-wrapper\">\n                        <select id=\"select-ca3b\" name=\"Reisetag\" class=\"u-grey-10 u-input u-input-rectangle u-radius u-input-15\" required=\"required\">\n                          <option value=\"Montag\" data-calc=\"\">Montag<\/option>\n                          <option value=\"Dienstag\" data-calc=\"\">Dienstag<\/option>\n                          <option value=\"Mittwoch\" data-calc=\"\">Mittwoch<\/option>\n                          <option value=\"Donnerstag\" data-calc=\"\">Donnerstag<\/option>\n                          <option value=\"Freitag\" data-calc=\"\">Freitag<\/option>\n                          <option value=\"Samstag\" data-calc=\"\">Samstag<\/option>\n                          <option value=\"Sonntag\" data-calc=\"\">Sonntag<\/option>\n                        <\/select>\n                        <svg class=\"u-caret u-caret-svg\" version=\"1.1\" id=\"Layer_1\" xmlns=\"http:\/\/www.w3.org\/2000\/svg\" xmlns:xlink=\"http:\/\/www.w3.org\/1999\/xlink\" x=\"0px\" y=\"0px\" width=\"16px\" height=\"16px\" viewBox=\"0 0 16 16\" style=\"fill:currentColor;\" xml:space=\"preserve\"><polygon class=\"st0\" points=\"8,12 2,4 14,4 \"><\/polygon><\/svg>\n                      <\/div>\n                    <\/div>\n                    <div class=\"u-form-group u-form-name u-label-top u-form-group-16\">\n                      <label for=\"name-ae1a\" class=\"u-label\">Abfahrtsort\/Stra\u00dfe<\/label>\n                      <input type=\"text\" placeholder=\"Gib deinen Abfahrtsort ein\" id=\"name-ae1a\" name=\"Abfahrtsort\/Stra\u00dfe\" class=\"u-grey-10 u-input u-input-rectangle u-radius u-input-16\" required=\"\">\n                    <\/div>\n                    <div class=\"u-form-group u-form-name u-label-top u-form-group-17\">\n                      <label for=\"name-ae1a\" class=\"u-label\">Abfahrtszeit Hinfahrt<\/label>\n                      <input type=\"text\" placeholder=\"Gib deine Abfahrtszeit ein\" id=\"name-ae1a\" name=\"Abfahrtszeit Hinfahrt\" class=\"u-grey-10 u-input u-input-rectangle u-radius u-input-17\" required=\"\">\n                    <\/div>\n                    <div class=\"u-form-group u-form-name u-label-top u-form-group-18\">\n                      <label for=\"name-019e\" class=\"u-label\">Abfahrtszeit R\u00fcckfahrt<\/label>\n                      <input type=\"text\" placeholder=\"Gib deine Abfahrtszeit ein\" id=\"name-019e\" name=\"Abfahrtszeit R\u00fcckfahrt\" class=\"u-grey-10 u-input u-input-rectangle u-radius u-input-18\" required=\"\">\n                    <\/div>\n                    <div class=\"u-form-group u-form-number u-form-number-layout-number u-label-top u-form-group-19\">\n                      <label for=\"number-f1f6\" class=\"u-label\">Anzahl Personen<\/label>\n                      <div class=\"u-input-row\" data-value=\"0\">\n                        <input value=\"0\" min=\"0\" max=\"100\" step=\"1\" type=\"number\" placeholder=\"\" id=\"number-f1f6\" name=\"Anzahl Personen\" class=\"u-grey-10 u-input u-input-rectangle u-radius u-text-black u-input-19\">\n                      <\/div>\n                    <\/div>\n                    <div class=\"u-form-group u-form-select u-label-top u-form-group-20\">\n                      <label for=\"select-6826\" class=\"u-label\">Busgr\u00f6\u00dfe<\/label>\n                      <div class=\"u-form-select-wrapper\">\n                        <select id=\"select-6826\" name=\"Busgr\u00f6\u00dfe\" class=\"u-grey-10 u-input u-input-rectangle u-radius u-input-20\">\n                          <option value=\"W\u00e4hlen Sie einen Wert\" data-calc=\"\">W\u00e4hlen Sie einen Wert<\/option>\n                          <option value=\"VIP Reisebus 44 Sitzpl\u00e4tze VIP mit 2 Tischen + 1 RLP\" data-calc=\"\">VIP Reisebus 44 Sitzpl\u00e4tze VIP mit 2 Tischen + 1 RLP<\/option>\n                          <option value=\"Reisebus 48 Sitzpl\u00e4tze + 1 RLP\" data-calc=\"\">Reisebus 48 Sitzpl\u00e4tze + 1 RLP<\/option>\n                          <option value=\"Transliner 48 Sitzpl\u00e4tze + 2 RLP\" data-calc=\"\">Transliner 48 Sitzpl\u00e4tze + 2 RLP<\/option>\n                          <option value=\"53 Sitzpl\u00e4tze\" data-calc=\"\">53 Sitzpl\u00e4tze<\/option>\n                          <option value=\"Euroliner 63 Sitzpl\u00e4tze + 2 RLP\" data-calc=\"\">Euroliner 63 Sitzpl\u00e4tze + 2 RLP<\/option>\n                          <option value=\"Jumboliner 78 Sitzpl\u00e4tze + 1 RLP\" data-calc=\"\">Jumboliner 78 Sitzpl\u00e4tze + 1 RLP<\/option>\n                        <\/select>\n                        <svg class=\"u-caret u-caret-svg\" version=\"1.1\" id=\"Layer_1\" xmlns=\"http:\/\/www.w3.org\/2000\/svg\" xmlns:xlink=\"http:\/\/www.w3.org\/1999\/xlink\" x=\"0px\" y=\"0px\" width=\"16px\" height=\"16px\" viewBox=\"0 0 16 16\" style=\"fill:currentColor;\" xml:space=\"preserve\"><polygon class=\"st0\" points=\"8,12 2,4 14,4 \"><\/polygon><\/svg>\n                      <\/div>\n                    <\/div>\n                    <div class=\"u-form-group u-form-radiobutton u-label-top u-form-group-21\">\n                      <label class=\"u-label u-label-21\">Unterkunft<\/label>\n                      <div class=\"u-form-radio-button-wrapper\">\n                        <div class=\"u-input-row\">\n                          <input id=\"field-cf70\" type=\"radio\" name=\"Unterkunft\" value=\"Hotel 3 Sterne\" class=\"u-field-input\" checked=\"checked\" data-calc=\"\">\n                          <label class=\"u-field-label\" for=\"field-cf70\">Hotel 3 Sterne<\/label>\n                        <\/div>\n                        <div class=\"u-input-row\">\n                          <input id=\"field-2e9c\" type=\"radio\" name=\"Unterkunft\" value=\"Hotel 4 Sterne\" class=\"u-field-input\" data-calc=\"\">\n                          <label class=\"u-field-label\" for=\"field-2e9c\">Hotel 4 Sterne<\/label>\n                        <\/div>\n                        <div class=\"u-input-row\">\n                          <input id=\"field-73bd\" type=\"radio\" name=\"Unterkunft\" value=\"Pension\" class=\"u-field-input\" data-calc=\"\">\n                          <label class=\"u-field-label\" for=\"field-73bd\">Pension<\/label>\n                        <\/div>\n                        <div class=\"u-input-row\">\n                          <input id=\"field-6410\" type=\"radio\" name=\"radiobutton\" value=\"Hostel\" class=\"u-field-input\" data-calc=\"\">\n                          <label class=\"u-field-label\" for=\"field-6410\">Hostel<\/label>\n                        <\/div>\n                        <div class=\"u-input-row\">\n                          <input id=\"field-1290\" type=\"radio\" name=\"radiobutton\" value=\"Jugendherberge\" class=\"u-field-input\" data-calc=\"\">\n                          <label class=\"u-field-label\" for=\"field-1290\">Jugendherberge<\/label>\n                        <\/div>\n                      <\/div>\n                    <\/div>\n                    <div class=\"u-align-center u-form-group u-form-submit u-label-top\">\n                      <a href=\"#\" class=\"u-active-black u-border-none u-btn u-btn-round u-btn-submit u-button-style u-hover-black u-palette-1-base u-radius-7 u-text-active-white u-text-body-alt-color u-text-hover-white u-btn-1\">Einreichen<\/a>\n                      <input type=\"submit\" value=\"submit\" class=\"u-form-control-hidden\">\n                    <\/div>\n                    <div class=\"u-form-send-message u-form-send-success\">Danke f\u00fcr deine Nachricht<\/div>\n                    <div class=\"u-form-send-error u-form-send-message\">Fehler, wr k\u00fcmmern uns darum.<\/div>\n                    <input type=\"hidden\" value=\"\" name=\"recaptchaResponse\">\n                    <input type=\"hidden\" name=\"formServices\" value=\"c3d0238c-f22c-45b8-fd35-55e036605cc2\">\n                    <input type=\"hidden\" name=\"siteKey\" value=\"6Lc3nzErAAAAAL115vOHjYIzFRQCCQZvbLxs-Px4\">\n                  <\/form>\n                <\/div>\n              <\/div>\n            <\/div>\n            <div class=\"u-align-left u-container-align-left u-container-style u-grey-10 u-layout-cell u-size-14 u-layout-cell-2\">\n              <div class=\"u-container-layout u-container-layout-2\">\n                <h2 class=\"u-custom-font u-font-montserrat u-text u-text-2\"> Uns treffen<\/h2>\n                <div class=\"custom-expanded u-list u-list-1\">\n                  <div class=\"u-repeater u-repeater-1\">\n                    <div class=\"u-container-style u-list-item u-repeater-item u-shape-rectangle\">\n                      <div class=\"u-container-layout u-similar-container u-container-layout-3\">\n                        <h4 class=\"u-text u-text-3\">Telefon<\/h4><span class=\"u-file-icon u-icon u-text-palette-2-base u-icon-1\"><img decoding=\"async\" src=\"https:\/\/wild-busreisen.de\/wp-content\/uploads\/2024\/08\/1.png\" alt=\"\"><\/span>\n                        <p class=\"u-text u-text-4\">\n                          <a href=\"#\" class=\"u-active-none u-border-active-palette-2-base u-border-hover-palette-2-base u-border-none u-btn u-btn-1 u-button-link u-button-style u-hover-none u-none u-text-active-palette-2-base u-text-body-color u-text-hover-palette-2-base\">09104-3800<\/a>\n                        <\/p>\n                      <\/div>\n                    <\/div>\n                    <div class=\"u-container-style u-list-item u-repeater-item u-shape-rectangle\">\n                      <div class=\"u-container-layout u-similar-container u-container-layout-4\">\n                        <h4 class=\"u-text u-text-5\">Unser B\u00fcro<\/h4><span class=\"u-file-icon u-icon u-text-palette-2-base u-icon-2\"><img decoding=\"async\" src=\"https:\/\/wild-busreisen.de\/wp-content\/uploads\/2024\/08\/2.png\" alt=\"\"><\/span>\n                        <p class=\"u-text u-text-6\">91448 Emskirchen, Waldstra\u00dfe 13 <\/p>\n                      <\/div>\n                    <\/div>\n                    <div class=\"u-container-style u-list-item u-repeater-item u-shape-rectangle\">\n                      <div class=\"u-container-layout u-similar-container u-container-layout-5\">\n                        <h4 class=\"u-text u-text-7\">Email zu uns<\/h4><span class=\"u-file-icon u-icon u-text-palette-2-base u-icon-3\"><img decoding=\"async\" src=\"https:\/\/wild-busreisen.de\/wp-content\/uploads\/2024\/08\/3.png\" alt=\"\"><\/span>\n                        <p class=\"u-text u-text-8\">\n                          <a href=\"#\" class=\"u-active-none u-border-active-palette-2-base u-border-hover-palette-2-base u-btn u-btn-2 u-button-link u-button-style u-hover-none u-none u-text-active-palette-2-base u-text-body-color u-text-hover-palette-2-base\" data-animation-name=\"\" data-animation-duration=\"0\" data-animation-delay=\"0\" data-animation-direction=\"\">info@wild-busreisen.de<\/a>\n                        <\/p>\n                      <\/div>\n                    <\/div>\n                  <\/div>\n                <\/div>\n              <\/div>\n            <\/div>\n            <div class=\"u-container-style u-layout-cell u-size-14 u-layout-cell-3\">\n              <div class=\"u-container-layout u-container-layout-6\">\n                <div class=\"u-expanded u-grey-light-2 u-map\">\n                  <div class=\"embed-responsive\">\n                    <iframe class=\"embed-responsive-item\" src=\"https:\/\/maps.google.com\/maps?output=embed&amp;q=Emskirchen%2C%20%20Waldstra%C3%9Fe%2013&amp;z=13&amp;t=m&amp;hl=de\" data-map=\"JTdCJTIycG9zaXRpb25UeXBlJTIyJTNBJTIybWFwLWFkZHJlc3MlMjIlMkMlMjJhZGRyZXNzJTIyJTNBJTIyRW1za2lyY2hlbiUyQyUyMCUyMFdhbGRzdHJhJUMzJTlGZSUyMDEzJTIyJTJDJTIyem9vbSUyMiUzQTEzJTJDJTIydHlwZUlkJTIyJTNBJTIycm9hZCUyMiUyQyUyMmxhbmclMjIlM0ElMjJkZSUyMiUyQyUyMmFwaUtleSUyMiUzQW51bGwlMkMlMjJtYXJrZXJzJTIyJTNBJTVCJTVEJTdE\"><\/iframe>\n                  <\/div>\n                <\/div>\n              <\/div>\n            <\/div>\n          <\/div>\n        <\/div>\n      <\/div>\n    <\/section>\n    \n    \n    \n  \n","protected":false},"excerpt":{"rendered":"<p>Mehrtagesfahrten Anrede Frau Herr Firma Vorname Nachname Firma Stra\u00dfe Hausnummer PLZ Wohnort Telefon Fax Mobil E-Mail Reiseziel Reisedatum Reisetag Montag Dienstag Mittwoch Donnerstag Freitag Samstag Sonntag Abfahrtsort\/Stra\u00dfe Abfahrtszeit Hinfahrt Abfahrtszeit R\u00fcckfahrt Anzahl Personen Busgr\u00f6\u00dfe W\u00e4hlen Sie einen Wert VIP Reisebus 44 Sitzpl\u00e4tze VIP mit 2 Tischen + 1 RLP Reisebus 48 Sitzpl\u00e4tze + 1 RLP &hellip; <a href=\"https:\/\/wild-busreisen.de\/index.php\/mehrtagesfahrten\/\" class=\"more-link\">Continue reading<span class=\"screen-reader-text\"> &#8222;Mehrtagesfahrten&#8220;<\/span><\/a><\/p>\n","protected":false},"author":1,"featured_media":0,"parent":0,"menu_order":0,"comment_status":"closed","ping_status":"closed","template":"","meta":{"footnotes":""},"class_list":["post-221","page","type-page","status-publish","hentry"],"_links":{"self":[{"href":"https:\/\/wild-busreisen.de\/index.php\/wp-json\/wp\/v2\/pages\/221","targetHints":{"allow":["GET"]}}],"collection":[{"href":"https:\/\/wild-busreisen.de\/index.php\/wp-json\/wp\/v2\/pages"}],"about":[{"href":"https:\/\/wild-busreisen.de\/index.php\/wp-json\/wp\/v2\/types\/page"}],"author":[{"embeddable":true,"href":"https:\/\/wild-busreisen.de\/index.php\/wp-json\/wp\/v2\/users\/1"}],"replies":[{"embeddable":true,"href":"https:\/\/wild-busreisen.de\/index.php\/wp-json\/wp\/v2\/comments?post=221"}],"version-history":[{"count":12,"href":"https:\/\/wild-busreisen.de\/index.php\/wp-json\/wp\/v2\/pages\/221\/revisions"}],"predecessor-version":[{"id":835,"href":"https:\/\/wild-busreisen.de\/index.php\/wp-json\/wp\/v2\/pages\/221\/revisions\/835"}],"wp:attachment":[{"href":"https:\/\/wild-busreisen.de\/index.php\/wp-json\/wp\/v2\/media?parent=221"}],"curies":[{"name":"wp","href":"https:\/\/api.w.org\/{rel}","templated":true}]}}